{"id":6955,"date":"2022-05-19T23:03:34","date_gmt":"2022-05-20T07:03:34","guid":{"rendered":"https:\/\/www.wataxcredit.org\/inscribete-para-recibir-actualizaciones\/"},"modified":"2025-11-25T16:49:08","modified_gmt":"2025-11-26T00:49:08","slug":"inscribete-para-recibir-actualizaciones","status":"publish","type":"page","link":"https:\/\/www.wataxcredit.org\/es\/inscribete-para-recibir-actualizaciones\/","title":{"rendered":"Reg\u00edstrese para recibir actualizaciones"},"content":{"rendered":"<div class=\"frm_forms  with_frm_style frm_style_formidable-style\" id=\"frm_form_3_container\" data-token=\"cbb376e7b4456a094cd9f0a86a9df269\">\n<form enctype=\"multipart\/form-data\" method=\"post\" class=\"frm-show-form  frm_pro_form \" id=\"form_signupforupdates\" data-token=\"cbb376e7b4456a094cd9f0a86a9df269\">\n<div class=\"frm_form_fields \">\n<fieldset>\n<legend class=\"frm_screen_reader\">Sign up for updates<\/legend>\r\n\r\n<div class=\"frm_fields_container\">\n<input type=\"hidden\" name=\"frm_action\" value=\"create\" \/>\n<input type=\"hidden\" name=\"form_id\" value=\"3\" \/>\n<input type=\"hidden\" name=\"frm_hide_fields_3\" id=\"frm_hide_fields_3\" value=\"\" \/>\n<input type=\"hidden\" name=\"form_key\" value=\"signupforupdates\" \/>\n<input type=\"hidden\" name=\"item_meta[0]\" value=\"\" \/>\n<input type=\"hidden\" id=\"frm_submit_entry_3\" name=\"frm_submit_entry_3\" value=\"9179ff67ce\" \/><input type=\"hidden\" name=\"_wp_http_referer\" value=\"\/es\/wp-json\/wp\/v2\/pages\/6955\" \/><div id=\"frm_field_39_container\" class=\"frm_form_field form-field  frm_top_container\">\r\n    <div  id=\"field_i771j_label\" class=\"frm_primary_label\">Name\r\n        <span class=\"frm_required\" aria-hidden=\"true\"><\/span>\r\n    <\/div>\r\n    <fieldset aria-labelledby=\"field_i771j_label\">\n\t<legend class=\"frm_screen_reader frm_hidden\">\n\t\tName\t<\/legend>\n\n\t<div  class=\"frm_combo_inputs_container\" id=\"frm_combo_inputs_container_39\" data-name-layout=\"first_last\">\n\t\t\t\t\t<div\n\t\t\t\tid=\"frm_field_39-first_container\"\n\t\t\t\tclass=\"frm_form_field form-field frm_form_subfield-first  frm6\"\n\t\t\t\tdata-sub-field-name=\"first\"\n\t\t\t>\n\t\t\t\t<label for=\"field_i771j_first\" class=\"frm_screen_reader frm_hidden\">\n\t\t\t\t\tFirst\t\t\t\t<\/label>\n\n\t\t\t\t<input  type=\"text\" id=\"field_i771j_first\" value=\"\" name=\"item_meta[39][first]\" autocomplete=\"given-name\" data-invmsg=\"Name is invalid\" aria-invalid=\"false\"  \/><div class=\"frm_description\" id=\"frm_field_39_first_desc\">First<\/div>\t\t\t<\/div>\n\t\t\t\t\t\t<div\n\t\t\t\tid=\"frm_field_39-last_container\"\n\t\t\t\tclass=\"frm_form_field form-field frm_form_subfield-last  frm6\"\n\t\t\t\tdata-sub-field-name=\"last\"\n\t\t\t>\n\t\t\t\t<label for=\"field_i771j_last\" class=\"frm_screen_reader frm_hidden\">\n\t\t\t\t\tLast\t\t\t\t<\/label>\n\n\t\t\t\t<input  type=\"text\" id=\"field_i771j_last\" value=\"\" name=\"item_meta[39][last]\" autocomplete=\"family-name\" data-invmsg=\"Name is invalid\" aria-invalid=\"false\"  \/><div class=\"frm_description\" id=\"frm_field_39_last_desc\">Last<\/div>\t\t\t<\/div>\n\t\t\t\t<\/div>\n<\/fieldset>\n\r\n    \r\n    \r\n<\/div>\n<div id=\"frm_field_36_container\" class=\"frm_form_field form-field  frm_top_container\">\r\n    <label for=\"field_jnvjh\" id=\"field_jnvjh_label\" class=\"frm_primary_label\">Email\r\n        <span class=\"frm_required\" aria-hidden=\"true\"><\/span>\r\n    <\/label>\r\n    <input type=\"email\" id=\"field_jnvjh\" name=\"item_meta[36]\" value=\"\"  data-invmsg=\"Email is invalid\" aria-invalid=\"false\"  \/>\r\n    \r\n    \r\n<\/div>\n<div id=\"frm_field_38_container\" class=\"frm_form_field form-field  frm_top_container\">\r\n    <label for=\"field_tenpy\" id=\"field_tenpy_label\" class=\"frm_primary_label\">Phone\r\n        <span class=\"frm_required\" aria-hidden=\"true\"><\/span>\r\n    <\/label>\r\n    <input type=\"tel\" id=\"field_tenpy\" name=\"item_meta[38]\" value=\"\"  data-invmsg=\"Phone is invalid\" aria-invalid=\"false\" pattern=\"((\\+\\d{1,3}(-|.| )?\\(?\\d\\)?(-| |.)?\\d{1,5})|(\\(?\\d{2,6}\\)?))(-|.| )?(\\d{3,4})(-|.| )?(\\d{4})(( x| ext)\\d{1,5}){0,1}$\"  \/>\r\n    \r\n    \r\n<\/div>\n\t<input type=\"hidden\" name=\"item_key\" value=\"\" \/>\n\t\t\t<div id=\"frm_field_59_container\">\n\t\t\t<label for=\"field_pvkug\" >\n\t\t\t\tIf you are human, leave this field blank.\t\t\t<\/label>\n\t\t\t<input  id=\"field_pvkug\" type=\"text\" class=\"frm_form_field form-field frm_verify\" name=\"item_meta[59]\" value=\"\"  \/>\n\t\t<\/div>\n\t\t<input name=\"frm_state\" type=\"hidden\" value=\"1WV6TXMtAfeWWscz8dTPC\/XBVGly+4NjLvqIJ2o3T9AcPR4Vbm\/LfUD1v7Hhecls\" \/><div class=\"frm_submit\">\r\n\r\n<button class=\"frm_button_submit frm_final_submit\" type=\"submit\"   formnovalidate=\"formnovalidate\">Submit<\/button>\r\n\r\n<\/div><\/div>\n<\/fieldset>\n<\/div>\n\n<\/form>\n<\/div>\n\n<div class=\"wp-block-group alignfull is-layout-constrained wp-block-group-is-layout-constrained\">\n<div style=\"height:50px\" aria-hidden=\"true\" class=\"wp-block-spacer\"><\/div>\n\n\n\n<hr class=\"wp-block-separator alignfull has-text-color has-alpha-channel-opacity has-background is-style-wide\" style=\"background-color:#eeeeee;color:#eeeeee\"\/>\n\n\n\n<div style=\"height:50px\" aria-hidden=\"true\" class=\"wp-block-spacer\"><\/div>\n\n\n\n<div class=\"wp-block-group alignfull is-layout-constrained wp-block-group-is-layout-constrained\">\n<p class=\"has-text-align-center has-normal-font-size\">La Coalici\u00f3n del Cr\u00e9dito Tributario para Familias Trabajadoras es un <a href=\"https:\/\/www.wataxcredit.org\/es\/quienes-somos\/\"><strong><mark style=\"background-color:rgba(0, 0, 0, 0)\" class=\"has-inline-color has-deep-green-color\"> conjunto de organizaciones<\/mark><\/strong><\/a> que incluye grupos de justicia econ\u00f3mica y racial, protectores de los derechos de los inmigrantes, trabajadores, proveedores de servicios directos, defensores en casos de violencia dom\u00e9stica y m\u00e1s.<\/p>\n\n\n\n<p class=\"has-text-align-center has-normal-font-size\">Nuestro objetivo es trabajar juntos para garantizar que las comunidades m\u00e1s afectadas por el c\u00f3digo tributario invertido de Washington, reciban dinero en efectivo.<\/p>\n\n\n\n<div class=\"wp-block-buttons is-content-justification-center is-layout-flex wp-container-core-buttons-is-layout-a89b3969 wp-block-buttons-is-layout-flex\">\n<div class=\"wp-block-button has-custom-font-size has-lora-font-family has-small-font-size\"><a class=\"wp-block-button__link has-deep-green-background-color has-background wp-element-button\" href=\"https:\/\/www.wataxcredit.org\/es\/quienes-somos\/\" style=\"border-radius:100px;padding-right:var(--wp--preset--spacing--60);padding-left:var(--wp--preset--spacing--60)\">M\u00e1s informaci\u00f3n<span class=\"text-format-sr-only\"> sobre nosotros Aprenda m\u00e1s sobre nosotros<\/span><\/a><\/div>\n<\/div>\n<\/div>\n\n\n\n<div style=\"height:100px\" aria-hidden=\"true\" class=\"wp-block-spacer\"><\/div>\n\n\n\n<div class=\"wp-block-group alignfull has-light-green-background-color has-background is-layout-constrained wp-container-core-group-is-layout-7799c6a5 wp-block-group-is-layout-constrained\" style=\"padding-top:var(--wp--preset--spacing--80);padding-right:var(--wp--preset--spacing--80);padding-bottom:7.06rem;padding-left:var(--wp--preset--spacing--80)\">\n<p><\/p>\n\n\n\n\t\t<div class=\"gb-block-newsletter gb-form-styles footer-newsletter\" style=\"\" >\n\t\t\t<form method=\"post\" action-xhr=\"https:\/\/www.wataxcredit.org\/wp-admin\/admin-ajax.php\">\n\t\t\t\t<label for=\"gb-newsletter-email-address-1\" class=\"gb-newsletter-email-address-label\">Your Email Address<\/label>\n\t\t\t\t<input type=\"email\" id=\"gb-newsletter-email-address-1\" name=\"gb-newsletter-email-address\" class=\"gb-newsletter-email-address-input\" \/>\n\t\t\t\t<input class=\"gb-button gb-button-size-small gb-button-shape-square has-deep-green-background-color  gb-newsletter-submit\" type=\"submit\" style=\"\"  value=\"Subscribe\"\/>\n\t\t\t\t<input type=\"hidden\" name=\"gb-newsletter-mailing-list-provider\" value=\"mailchimp\" \/>\n\t\t\t\t<input type=\"hidden\" name=\"gb-newsletter-mailing-list\" value=\"4f935ae4b6\" \/>\n\t\t\t\t<input type=\"hidden\" name=\"gb-newsletter-success-message\" value=\"Thanks for subscribing.\" \/>\n\t\t\t\t<input type=\"hidden\" name=\"gb-newsletter-double-opt-in\" value=\"\" \/>\n\t\t\t\t<input type=\"hidden\" name=\"gb-newsletter-amp-endpoint-request\" value=\"\" \/>\n\t\t\t\t<input type=\"hidden\" name=\"gb-newsletter-form-nonce\" value=\"3d6dc1fd11\" \/>\n\t\t\t<\/form>\n\t\t\t<div class=\"gb-block-newsletter-errors\" style=\"display: none;\"><\/div>\n\t\t<\/div><\/div>\n<\/div>\n","protected":false},"excerpt":{"rendered":"<p>La Coalici\u00f3n del Cr\u00e9dito Tributario para Familias Trabajadoras es un conjunto de organizaciones que incluye grupos de justicia econ\u00f3mica y racial, protectores de los derechos de los inmigrantes, trabajadores, proveedores de servicios directos, defensores en casos de violencia dom\u00e9stica y m\u00e1s. Nuestro objetivo es trabajar juntos para garantizar que las comunidades m\u00e1s afectadas por el [&hellip;]<\/p>\n","protected":false},"author":8,"featured_media":0,"parent":0,"menu_order":0,"comment_status":"closed","ping_status":"closed","template":"","meta":{"_acf_changed":false,"_genesis_hide_title":false,"_genesis_hide_breadcrumbs":false,"_genesis_hide_singular_image":false,"_genesis_hide_footer_widgets":false,"_genesis_custom_body_class":"","_genesis_custom_post_class":"","_genesis_layout":"","footnotes":""},"class_list":{"0":"post-6955","1":"page","2":"type-page","3":"status-publish","5":"entry"},"acf":[],"featured_image_src":null,"featured_image_src_square":null,"_links":{"self":[{"href":"https:\/\/www.wataxcredit.org\/es\/wp-json\/wp\/v2\/pages\/6955","targetHints":{"allow":["GET"]}}],"collection":[{"href":"https:\/\/www.wataxcredit.org\/es\/wp-json\/wp\/v2\/pages"}],"about":[{"href":"https:\/\/www.wataxcredit.org\/es\/wp-json\/wp\/v2\/types\/page"}],"author":[{"embeddable":true,"href":"https:\/\/www.wataxcredit.org\/es\/wp-json\/wp\/v2\/users\/8"}],"replies":[{"embeddable":true,"href":"https:\/\/www.wataxcredit.org\/es\/wp-json\/wp\/v2\/comments?post=6955"}],"version-history":[{"count":7,"href":"https:\/\/www.wataxcredit.org\/es\/wp-json\/wp\/v2\/pages\/6955\/revisions"}],"predecessor-version":[{"id":8119,"href":"https:\/\/www.wataxcredit.org\/es\/wp-json\/wp\/v2\/pages\/6955\/revisions\/8119"}],"wp:attachment":[{"href":"https:\/\/www.wataxcredit.org\/es\/wp-json\/wp\/v2\/media?parent=6955"}],"curies":[{"name":"wp","href":"https:\/\/api.w.org\/{rel}","templated":true}]}}