{"id":6973,"date":"2022-05-10T19:28:03","date_gmt":"2022-05-11T03:28:03","guid":{"rendered":"https:\/\/www.wataxcredit.org\/quienes-somos\/"},"modified":"2025-12-02T15:17:10","modified_gmt":"2025-12-02T23:17:10","slug":"quienes-somos","status":"publish","type":"page","link":"https:\/\/www.wataxcredit.org\/es\/quienes-somos\/","title":{"rendered":"Qui\u00e9nes somos"},"content":{"rendered":"\n<div style=\"height:50px\" aria-hidden=\"true\" class=\"wp-block-spacer\"><\/div>\n\n<div class=\"wp-block-group alignwide is-layout-flow wp-block-group-is-layout-flow\">\n<div class=\"wp-block-columns are-vertically-aligned-center is-layout-flex wp-container-core-columns-is-layout-28f84493 wp-block-columns-is-layout-flex\">\n<div class=\"wp-block-column is-vertically-aligned-center is-layout-flow wp-block-column-is-layout-flow\" style=\"padding-top:var(--wp--preset--spacing--60);padding-right:var(--wp--preset--spacing--60);padding-bottom:var(--wp--preset--spacing--60);padding-left:var(--wp--preset--spacing--60)\">\n<figure class=\"wp-block-image size-large has-custom-border\"><img loading=\"lazy\" decoding=\"async\" width=\"1024\" height=\"683\" src=\"https:\/\/www.wataxcredit.org\/wp-content\/uploads\/2022\/04\/WFTC2019RALLY2-1024x683.jpg\" alt=\"Cartel de Soy Uno en Un Mill&#xF3;n\" class=\"wp-image-6453\" style=\"border-radius:5px\" srcset=\"https:\/\/www.wataxcredit.org\/wp-content\/uploads\/2022\/04\/WFTC2019RALLY2-1024x683.jpg 1024w, https:\/\/www.wataxcredit.org\/wp-content\/uploads\/2022\/04\/WFTC2019RALLY2-300x200.jpg 300w, https:\/\/www.wataxcredit.org\/wp-content\/uploads\/2022\/04\/WFTC2019RALLY2-768x512.jpg 768w, https:\/\/www.wataxcredit.org\/wp-content\/uploads\/2022\/04\/WFTC2019RALLY2-1536x1024.jpg 1536w, https:\/\/www.wataxcredit.org\/wp-content\/uploads\/2022\/04\/WFTC2019RALLY2-900x600.jpg 900w, https:\/\/www.wataxcredit.org\/wp-content\/uploads\/2022\/04\/WFTC2019RALLY2-675x450.jpg 675w, https:\/\/www.wataxcredit.org\/wp-content\/uploads\/2022\/04\/WFTC2019RALLY2.jpg 2048w\" sizes=\"auto, (max-width: 1024px) 100vw, 1024px\" \/><\/figure>\n<\/div>\n\n\n\n<div class=\"wp-block-column is-vertically-aligned-center has-background is-layout-flow wp-block-column-is-layout-flow\" style=\"background-color:#7bab8d21;padding-top:var(--wp--preset--spacing--60);padding-right:var(--wp--preset--spacing--60);padding-bottom:var(--wp--preset--spacing--60);padding-left:var(--wp--preset--spacing--60)\">\n<h2 class=\"wp-block-heading\">\u00bfQui\u00e9nes somos?<\/h2>\n\n\n\n<p>La Coalici\u00f3n del Cr\u00e9dito Tributario para Familias Trabajadoras de Washington es un conjunto de organizaciones que incluye grupos de justicia econ\u00f3mica y racial, proveedores de servicios directos, protectores de los derechos de los inmigrantes, sindicatos, defensores de personas que sufren por violencia dom\u00e9stica y m\u00e1s. <\/p>\n\n\n\n<p>Nuestro objetivo es trabajar juntos para garantizar que las comunidades m\u00e1s afectadas, por el c\u00f3digo tributario invertido de Washington, reciban dinero en efectivo.<\/p>\n\n\n\n<p><\/p>\n<\/div>\n<\/div>\n\n\n\n<div style=\"height:50px\" aria-hidden=\"true\" class=\"wp-block-spacer\"><\/div>\n\n\n\n<div class=\"wp-block-columns are-vertically-aligned-center is-layout-flex wp-container-core-columns-is-layout-28f84493 wp-block-columns-is-layout-flex\">\n<div class=\"wp-block-column is-vertically-aligned-center has-background is-layout-flow wp-block-column-is-layout-flow\" style=\"background-color:#7bab8d21;padding-top:var(--wp--preset--spacing--60);padding-right:var(--wp--preset--spacing--60);padding-bottom:var(--wp--preset--spacing--60);padding-left:var(--wp--preset--spacing--60)\">\n<h3 class=\"wp-block-heading\">Nuestros valores<\/h3>\n\n\n\n<p>Creemos que el c\u00f3digo tributario puede utilizarse como una herramienta para acabar con tradiciones racistas.<\/p>\n\n\n\n<p>El C\u00f3digo Tributario del Estado de Washington est\u00e1 invertido, lo que significa que los contribuyentes con bajos ingresos pagan hasta seis veces m\u00e1s en impuestos, de lo que paga el 1% de las personas que tienen m\u00e1s ingresos econ\u00f3micos. Esto mantiene la pobreza, la injusticia econ\u00f3mica y la desigualdad racial en nuestro estado. Sabemos que los pagos directos en efectivo, como el Cr\u00e9dito Tributario para Familias Trabajadoras, son una poderosa forma de ayudar a la econ\u00f3mica de las familias con bajos ingresos, dentro de las comunidades de inmigrantes y las comunidades de color, en todo Washington.<\/p>\n<\/div>\n\n\n\n<div class=\"wp-block-column is-vertically-aligned-center is-layout-flow wp-block-column-is-layout-flow\" style=\"padding-top:var(--wp--preset--spacing--60);padding-right:var(--wp--preset--spacing--60);padding-bottom:var(--wp--preset--spacing--60);padding-left:var(--wp--preset--spacing--60)\">\n<figure class=\"wp-block-image size-large has-custom-border\"><img loading=\"lazy\" decoding=\"async\" width=\"1024\" height=\"683\" src=\"https:\/\/www.wataxcredit.org\/wp-content\/uploads\/2022\/04\/WFTC2019Rally9-1024x683.jpg\" alt=\"Cartel de Soy Uno en Un Mill&#xF3;n\" class=\"wp-image-6446\" style=\"border-radius:5px\" srcset=\"https:\/\/www.wataxcredit.org\/wp-content\/uploads\/2022\/04\/WFTC2019Rally9-1024x683.jpg 1024w, https:\/\/www.wataxcredit.org\/wp-content\/uploads\/2022\/04\/WFTC2019Rally9-300x200.jpg 300w, https:\/\/www.wataxcredit.org\/wp-content\/uploads\/2022\/04\/WFTC2019Rally9-768x512.jpg 768w, https:\/\/www.wataxcredit.org\/wp-content\/uploads\/2022\/04\/WFTC2019Rally9-1536x1024.jpg 1536w, https:\/\/www.wataxcredit.org\/wp-content\/uploads\/2022\/04\/WFTC2019Rally9-900x600.jpg 900w, https:\/\/www.wataxcredit.org\/wp-content\/uploads\/2022\/04\/WFTC2019Rally9-675x450.jpg 675w, https:\/\/www.wataxcredit.org\/wp-content\/uploads\/2022\/04\/WFTC2019Rally9.jpg 2048w\" sizes=\"auto, (max-width: 1024px) 100vw, 1024px\" \/><\/figure>\n<\/div>\n<\/div>\n\n\n\n<div style=\"height:50px\" aria-hidden=\"true\" class=\"wp-block-spacer\"><\/div>\n\n\n\n<div class=\"wp-block-group has-background is-layout-constrained wp-block-group-is-layout-constrained\" style=\"background-color:#7bab8d21\">\n<h2 class=\"wp-block-heading has-text-align-center\" style=\"padding-top:20px;padding-bottom:var(--wp--preset--spacing--30)\">Miembros de la coalici\u00f3n<\/h2>\n\n\n\n<div class=\"wp-block-columns alignwide has-background is-layout-flex wp-container-core-columns-is-layout-a7e59306 wp-block-columns-is-layout-flex\" style=\"background-color:#7bab8d00;padding-top:var(--wp--preset--spacing--20);padding-right:var(--wp--preset--spacing--60);padding-bottom:var(--wp--preset--spacing--60);padding-left:var(--wp--preset--spacing--60)\">\n<div class=\"wp-block-column is-layout-flow wp-block-column-is-layout-flow\">\n<ul class=\"wp-block-list has-normal-font-size\">\n<li>AFT Washington<\/li>\n\n\n\n<li>Asian Pacific Islander Coalition<\/li>\n\n\n\n<li>Asian Counseling and Referral Service<\/li>\n\n\n\n<li>Balance Our Tax Code<\/li>\n\n\n\n<li>Byrd Barr Place<\/li>\n\n\n\n<li>Casa Latina<\/li>\n\n\n\n<li>Children\u2019s Alliance<\/li>\n\n\n\n<li>Civic Ventures<\/li>\n\n\n\n<li>Climate Alliance for Jobs &amp; Clean Energy<\/li>\n\n\n\n<li>Economic Security Project<\/li>\n\n\n\n<li>Fair Work Center<\/li>\n\n\n\n<li>Faith Action Network<\/li>\n<\/ul>\n<\/div>\n\n\n\n<div class=\"wp-block-column is-layout-flow wp-block-column-is-layout-flow\">\n<ul class=\"wp-block-list\">\n<li>Red de capacitaci\u00f3n financiera<\/li>\n\n\n\n<li>Firelands Workers Action (Acci\u00f3n de Trabajadores)<\/li>\n\n\n\n<li>Food Lifeline<\/li>\n\n\n\n<li>Fuse Washington<\/li>\n\n\n\n<li>MomsRising<\/li>\n\n\n\n<li>Northwest Harvest<\/li>\n\n\n\n<li>OneAmerica<\/li>\n\n\n\n<li>Planned Parenthood<\/li>\n\n\n\n<li>SEIU 775<\/li>\n\n\n\n<li>Statewide Poverty Action Network<\/li>\n\n\n\n<li>United Way del Condado de King<\/li>\n<\/ul>\n<\/div>\n\n\n\n<div class=\"wp-block-column is-layout-flow wp-block-column-is-layout-flow\">\n<ul class=\"wp-block-list\">\n<li>United Ways del Estado de Washington<\/li>\n\n\n\n<li>Urban League of Metropolitan Seattle (Liga Urbana del \u00c1rea Metropolitana de Seattle)<\/li>\n\n\n\n<li>The Washington Bus<\/li>\n\n\n\n<li>Cat\u00f3licos de Washington (Washington Catholics)<\/li>\n\n\n\n<li>Washington Chapter of the American Academy of Pediatrics<\/li>\n\n\n\n<li>Washington State Budget &amp; Policy Center<\/li>\n\n\n\n<li>Coalici\u00f3n del Estado de Washington contra la Violencia Dom\u00e9stica (Washington State Coalition Against Domestic Violence)<\/li>\n\n\n\n<li>Washington Physicians for Social Responsibility<\/li>\n\n\n\n<li>Working Washington<\/li>\n\n\n\n<li>YWCA Seattle | King | Snohomish<\/li>\n<\/ul>\n<\/div>\n<\/div>\n<\/div>\n<\/div>\n\n<div class=\"wp-block-group alignfull is-layout-constrained wp-block-group-is-layout-constrained\">\n<hr class=\"wp-block-separator alignfull has-text-color has-alpha-channel-opacity has-background is-style-wide\" style=\"background-color:#eeeeee;color:#eeeeee\"\/>\n\n\n\n<div style=\"height:50px\" aria-hidden=\"true\" class=\"wp-block-spacer\"><\/div>\n\n\n\n<div class=\"wp-block-group alignfull is-layout-constrained wp-block-group-is-layout-constrained\">\n<p class=\"has-text-align-center has-normal-font-size\">La Coalici\u00f3n del Cr\u00e9dito Tributario para Familias Trabajadoras es un <a href=\"https:\/\/www.wataxcredit.org\/es\/quienes-somos\/\"><strong><mark style=\"background-color:rgba(0, 0, 0, 0)\" class=\"has-inline-color has-deep-green-color\"> conjunto de organizaciones<\/mark><\/strong><\/a> que incluye grupos de justicia econ\u00f3mica y racial, protectores de los derechos de los inmigrantes, trabajadores, proveedores de servicios directos, defensores en casos de violencia dom\u00e9stica y m\u00e1s.<\/p>\n\n\n\n<p class=\"has-text-align-center has-normal-font-size\">Nuestro objetivo es trabajar juntos para garantizar que las comunidades m\u00e1s afectadas, por el c\u00f3digo tributario invertido de Washington, reciban dinero en efectivo.<\/p>\n\n\n\n<div class=\"wp-block-buttons is-content-justification-center is-layout-flex wp-container-core-buttons-is-layout-a89b3969 wp-block-buttons-is-layout-flex\">\n<div class=\"wp-block-button\"><a class=\"wp-block-button__link has-deep-green-background-color has-background has-lora-font-family has-small-font-size has-custom-font-size wp-element-button\" href=\"https:\/\/www.wataxcredit.org\/es\/quienes-somos\/\" style=\"border-radius:100px;padding-right:var(--wp--preset--spacing--60);padding-left:var(--wp--preset--spacing--60)\">M\u00e1s informaci\u00f3n sobre nosotros <span class=\"text-format-sr-only\">M\u00e1s informaci\u00f3n sobre la Coalici\u00f3n del Cr\u00e9dito Tributario para Familias Trabajadoras.<\/span><\/a><\/div>\n<\/div>\n<\/div>\n\n\n\n<div style=\"height:50px\" aria-hidden=\"true\" class=\"wp-block-spacer\"><\/div>\n<\/div>\n","protected":false},"excerpt":{"rendered":"<p>\u00bfQui\u00e9nes somos? La Coalici\u00f3n del Cr\u00e9dito Tributario para Familias Trabajadoras de Washington es un conjunto de organizaciones que incluye grupos de justicia econ\u00f3mica y racial, proveedores de servicios directos, protectores de los derechos de los inmigrantes, sindicatos, defensores de personas que sufren por violencia dom\u00e9stica y m\u00e1s. Nuestro objetivo es trabajar juntos para garantizar que [&hellip;]<\/p>\n","protected":false},"author":8,"featured_media":0,"parent":0,"menu_order":0,"comment_status":"closed","ping_status":"closed","template":"","meta":{"_acf_changed":false,"_genesis_hide_title":false,"_genesis_hide_breadcrumbs":false,"_genesis_hide_singular_image":false,"_genesis_hide_footer_widgets":false,"_genesis_custom_body_class":"","_genesis_custom_post_class":"","_genesis_layout":"","footnotes":""},"class_list":{"0":"post-6973","1":"page","2":"type-page","3":"status-publish","5":"entry"},"acf":[],"featured_image_src":null,"featured_image_src_square":null,"_links":{"self":[{"href":"https:\/\/www.wataxcredit.org\/es\/wp-json\/wp\/v2\/pages\/6973","targetHints":{"allow":["GET"]}}],"collection":[{"href":"https:\/\/www.wataxcredit.org\/es\/wp-json\/wp\/v2\/pages"}],"about":[{"href":"https:\/\/www.wataxcredit.org\/es\/wp-json\/wp\/v2\/types\/page"}],"author":[{"embeddable":true,"href":"https:\/\/www.wataxcredit.org\/es\/wp-json\/wp\/v2\/users\/8"}],"replies":[{"embeddable":true,"href":"https:\/\/www.wataxcredit.org\/es\/wp-json\/wp\/v2\/comments?post=6973"}],"version-history":[{"count":8,"href":"https:\/\/www.wataxcredit.org\/es\/wp-json\/wp\/v2\/pages\/6973\/revisions"}],"predecessor-version":[{"id":8158,"href":"https:\/\/www.wataxcredit.org\/es\/wp-json\/wp\/v2\/pages\/6973\/revisions\/8158"}],"wp:attachment":[{"href":"https:\/\/www.wataxcredit.org\/es\/wp-json\/wp\/v2\/media?parent=6973"}],"curies":[{"name":"wp","href":"https:\/\/api.w.org\/{rel}","templated":true}]}}