{"id":7229,"date":"2023-01-18T20:10:29","date_gmt":"2023-01-19T04:10:29","guid":{"rendered":"https:\/\/www.wataxcredit.org\/?page_id=7229"},"modified":"2025-11-25T16:55:59","modified_gmt":"2025-11-26T00:55:59","slug":"preparacion-gratuita-de-impuestos","status":"publish","type":"page","link":"https:\/\/www.wataxcredit.org\/es\/preparacion-gratuita-de-impuestos\/","title":{"rendered":"Preparaci\u00f3n gratuita de impuestos"},"content":{"rendered":"\n<div class=\"wp-block-group is-layout-flow wp-block-group-is-layout-flow\">\n<div class=\"wp-block-columns is-layout-flex wp-container-core-columns-is-layout-28f84493 wp-block-columns-is-layout-flex\">\n<div class=\"wp-block-column is-layout-flow wp-block-column-is-layout-flow\">\n<h2 class=\"wp-block-heading\">Obtenga su Cr\u00e9dito Tributario para Familias Trabajadoras<\/h2>\n\n\n\n<p>Opciones gratuitas de declaraci\u00f3n de la renta por Internet para impuestos sencillos<\/p>\n\n\n\n<ul class=\"wp-block-list\">\n<li><a href=\"https:\/\/www.getyourrefund.org\/en\">GetyourRefund.org<\/a><\/li>\n\n\n\n<li><a href=\"https:\/\/myfreetaxes.com\/\">MisImpuestosGratis.Com<\/a><\/li>\n<\/ul>\n\n\n\n<p>Presenta tus impuestos gratuitamente en persona en un centro de Asistencia Voluntaria al Contribuyente (VITA)<\/p>\n\n\n\n<ul class=\"wp-block-list\">\n<li><a href=\"https:\/\/www.uwkc.org\/need-help\/tax-help\/\">Centros gratuitos de preparaci\u00f3n de impuestos de United Way del condado de King<\/a><\/li>\n\n\n\n<li>Busca en <a href=\"https:\/\/irs.treasury.gov\/freetaxprep\/\">la herramienta de b\u00fasqueda gratuita del IRS <\/a>preparaci\u00f3n gratuita de impuestos en tu condado<\/li>\n<\/ul>\n\n\n\n<h3 class=\"wp-block-heading has-medium-font-size\">Solicita tu Cr\u00e9dito Fiscal para Familias Trabajadoras directamente al Departamento de Hacienda por Internet<\/h3>\n\n\n\n<p>Si ya has presentado tus impuestos federales, es f\u00e1cil y seguro solicitarlo directamente a trav\u00e9s del Departamento de Hacienda del Estado de Washington en <a href=\"https:\/\/workingfamiliescredit.wa.gov\/\">www.WorkingFamiliesCredit.Wa.Gov.<\/a><\/p>\n\n\n\n<div class=\"wp-block-buttons is-layout-flex wp-block-buttons-is-layout-flex\">\n<div class=\"wp-block-button\"><a class=\"wp-block-button__link wp-element-button\" href=\"https:\/\/secure.dor.wa.gov\/home\/Login?rfs=PleaseLogin\">Solicitud en l\u00ednea del Departamento de Hacienda<\/a><\/div>\n<\/div>\n\n\n\n<h2 class=\"wp-block-heading has-medium-font-size\">Utiliza la solicitud en papel del Departamento de Hacienda<\/h2>\n\n\n\n<p>O utiliza <a href=\"https:\/\/workingfamiliescredit.wa.gov\/apply\/apply-paper\">la solicitud en papel del Departamento de Hacienda,<\/a> disponible en 12 idiomas. Necesitar\u00e1s una copia de tu declaraci\u00f3n de la renta federal.  <\/p>\n\n\n\n<div class=\"wp-block-buttons is-layout-flex wp-block-buttons-is-layout-flex\">\n<div class=\"wp-block-button\"><a class=\"wp-block-button__link wp-element-button\">Solicitar en papel | Cr\u00e9dito fiscal para familias trabajadoras del Estado de Washington<\/a><\/div>\n<\/div>\n\n\n\n<h2 class=\"wp-block-heading has-medium-font-size\">Encuentra un evento comunitario o solic\u00edtalo en una Oficina de Campo del Departamento de Hacienda<\/h2>\n\n\n\n<p>Encuentra un acto comunitario gratuito en tu zona, o <a href=\"https:\/\/workingfamiliescredit.wa.gov\/contact-us#block-views-block-local-offices-map-block-1\">acude a una Oficina de Campo del Departamento de Hacienda,<\/a> situada en 12 localidades de todo el estado.  <\/p>\n\n\n\n<div class=\"wp-block-buttons is-layout-flex wp-block-buttons-is-layout-flex\">\n<div class=\"wp-block-button\"><a class=\"wp-block-button__link wp-element-button\">Eventos Comunitarios | Cr\u00e9dito Fiscal para Familias Trabajadoras del Estado de Washington<\/a><\/div>\n<\/div>\n\n\n\n<p><\/p>\n\n\n\n<p>Utiliza la <a href=\"https:\/\/irs.treasury.gov\/freetaxprep\/\" target=\"_blank\" rel=\"noreferrer noopener\"><strong>herramienta gratuita del IRS <\/strong><\/a><strong>para encontrar un proveedor que participe en los programas del IRS de Asistencia Voluntaria al Contribuyente (VITA) y de Asesoramiento Fiscal para Personas Mayores (TCE)<\/strong>,<strong> que tambi\u00e9n ofrecen asistencia gratuita para solicitar el Cr\u00e9dito Fiscal para Familias Trabajadoras.<\/strong> Busca por tu c\u00f3digo postal para encontrar preparaci\u00f3n gratuita de impuestos cerca de ti. La mayor\u00eda de los centros tienen un n\u00famero de tel\u00e9fono al que puede llamar y programar una cita. Si necesita ayuda para solicitar o renovar su N\u00famero de Identificaci\u00f3n Personal del Contribuyente (ITIN), aseg\u00farese de preguntar si hay ayuda disponible en ese lugar.<\/p>\n\n\n\n<div class=\"wp-block-buttons is-layout-flex wp-block-buttons-is-layout-flex\">\n<div class=\"wp-block-button gb-block-button\"><a class=\"wp-block-button__link has-text-color has-background has-custom-font-size wp-element-button\" href=\"https:\/\/irs.treasury.gov\/freetaxprep\/\" style=\"border-radius:100px;color:#ffffff;background-color:#28483B;padding-top:10px;padding-right:1em;padding-bottom:10px;padding-left:1em;font-size:20px;line-height:1.2\" target=\"_blank\" rel=\"noopener\">Herramienta de b\u00fasqueda de Asistencia Voluntaria para la Preparaci\u00f3n de Impuestos (VITA) del Servicio de Impuestos Internos (IRS)<\/a><\/div>\n<\/div>\n<\/div>\n<\/div>\n<\/div>\n\n<div class=\"wp-block-group alignfull is-layout-constrained wp-block-group-is-layout-constrained\">\n<hr class=\"wp-block-separator alignfull has-text-color has-alpha-channel-opacity has-background is-style-wide\" style=\"background-color:#eeeeee;color:#eeeeee\"\/>\n\n\n\n<div style=\"height:50px\" aria-hidden=\"true\" class=\"wp-block-spacer\"><\/div>\n\n\n\n<div class=\"wp-block-group alignfull is-layout-constrained wp-block-group-is-layout-constrained\">\n<p class=\"has-text-align-center has-normal-font-size\">La Coalici\u00f3n del Cr\u00e9dito Tributario para Familias Trabajadoras es un <a href=\"https:\/\/www.wataxcredit.org\/es\/quienes-somos\/\"><strong><mark style=\"background-color:rgba(0, 0, 0, 0)\" class=\"has-inline-color has-deep-green-color\"> conjunto de organizaciones<\/mark><\/strong><\/a> que incluye grupos de justicia econ\u00f3mica y racial, protectores de los derechos de los inmigrantes, trabajadores, proveedores de servicios directos, defensores en casos de violencia dom\u00e9stica y m\u00e1s.<\/p>\n\n\n\n<p class=\"has-text-align-center has-normal-font-size\">Nuestro objetivo es trabajar juntos para garantizar que las comunidades m\u00e1s afectadas por el c\u00f3digo tributario invertido de Washington, reciban dinero en efectivo.<\/p>\n\n\n\n<div class=\"wp-block-buttons is-content-justification-center is-layout-flex wp-container-core-buttons-is-layout-a89b3969 wp-block-buttons-is-layout-flex\">\n<div class=\"wp-block-button\"><a class=\"wp-block-button__link has-deep-green-background-color has-background has-lora-font-family has-small-font-size has-custom-font-size wp-element-button\" href=\"https:\/\/www.wataxcredit.org\/es\/quienes-somos\/\" style=\"border-radius:100px;padding-right:var(--wp--preset--spacing--60);padding-left:var(--wp--preset--spacing--60)\">M\u00e1s informaci\u00f3n<span class=\"text-format-sr-only\"> sobre nosotros Aprenda m\u00e1s sobre nosotros<\/span><\/a><\/div>\n<\/div>\n<\/div>\n\n\n\n<div style=\"height:100px\" aria-hidden=\"true\" class=\"wp-block-spacer\"><\/div>\n\n\n<\/div>\n","protected":false},"excerpt":{"rendered":"<p>Obtenga su Cr\u00e9dito Tributario para Familias Trabajadoras Opciones gratuitas de declaraci\u00f3n de la renta por Internet para impuestos sencillos Presenta tus impuestos gratuitamente en persona en un centro de Asistencia Voluntaria al Contribuyente (VITA) Solicita tu Cr\u00e9dito Fiscal para Familias Trabajadoras directamente al Departamento de Hacienda por Internet Si ya has presentado tus impuestos federales, [&hellip;]<\/p>\n","protected":false},"author":8,"featured_media":0,"parent":0,"menu_order":0,"comment_status":"closed","ping_status":"closed","template":"","meta":{"_acf_changed":false,"_genesis_hide_title":false,"_genesis_hide_breadcrumbs":false,"_genesis_hide_singular_image":false,"_genesis_hide_footer_widgets":false,"_genesis_custom_body_class":"","_genesis_custom_post_class":"","_genesis_layout":"","footnotes":""},"class_list":{"0":"post-7229","1":"page","2":"type-page","3":"status-publish","5":"entry"},"acf":[],"featured_image_src":null,"featured_image_src_square":null,"_links":{"self":[{"href":"https:\/\/www.wataxcredit.org\/es\/wp-json\/wp\/v2\/pages\/7229","targetHints":{"allow":["GET"]}}],"collection":[{"href":"https:\/\/www.wataxcredit.org\/es\/wp-json\/wp\/v2\/pages"}],"about":[{"href":"https:\/\/www.wataxcredit.org\/es\/wp-json\/wp\/v2\/types\/page"}],"author":[{"embeddable":true,"href":"https:\/\/www.wataxcredit.org\/es\/wp-json\/wp\/v2\/users\/8"}],"replies":[{"embeddable":true,"href":"https:\/\/www.wataxcredit.org\/es\/wp-json\/wp\/v2\/comments?post=7229"}],"version-history":[{"count":7,"href":"https:\/\/www.wataxcredit.org\/es\/wp-json\/wp\/v2\/pages\/7229\/revisions"}],"predecessor-version":[{"id":8123,"href":"https:\/\/www.wataxcredit.org\/es\/wp-json\/wp\/v2\/pages\/7229\/revisions\/8123"}],"wp:attachment":[{"href":"https:\/\/www.wataxcredit.org\/es\/wp-json\/wp\/v2\/media?parent=7229"}],"curies":[{"name":"wp","href":"https:\/\/api.w.org\/{rel}","templated":true}]}}